{"id":10,"date":"2008-04-23T14:18:08","date_gmt":"2008-04-23T12:18:08","guid":{"rendered":"http:\/\/www.judoclub-gornau.de\/?page_id=10"},"modified":"2023-03-26T14:55:29","modified_gmt":"2023-03-26T12:55:29","slug":"impressum","status":"publish","type":"page","link":"https:\/\/www.judoclub-gornau.de\/?page_id=10","title":{"rendered":"Impressum"},"content":{"rendered":"<p><strong>Judo-Club Gornau e.V.<\/strong><br \/>\nOberer Weg 72b<br \/>\n09439 Amtsberg<\/p>\n<p>E-Mail: <a href=\"mailto:&#107;o&#110;&#116;&#97;k&#116;&#64;ju&#100;&#111;cl&#117;b&#45;g&#111;r&#110;au&#46;de\">kon&#116;ak&#116;&#64;&#106;udo&#99;&#108;ub&#45;&#103;o&#114;na&#117;&#46;d&#101;<\/a><br \/>\nInternet: <a href=\"http:\/\/www.judoclub-gornau.de\" target=\"_self\" rel=\"noopener\">www.judoclub-gornau.de<\/a><\/p>\n<p><strong>Vertretungsberechtigter Vorstand: <\/strong><br \/>\nUwe Drechsel (Vorsitzender, Anschrift wie oben)<br \/>\nRomeo Rauer (1. Stellvertreter)<br \/>\nAnja Thriemer (2. Stellvertreter)<\/p>\n<p>Registergericht: Vereinsregister Marienberg<br \/>\nRegisternummer: VR 6060<\/p>\n<p><strong>Inhaltlich Verantwortlicher gem\u00e4\u00df \u00a7 55 Absatz 2 RStV:<\/strong><br \/>\nUwe Drechsel (Anschrift wie oben)<\/p>\n<p><strong>Techn. Ansprechpartner:<\/strong><br \/>\nUwe Drechsel<br \/>\nOberer Weg 72b<br \/>\n09439 Amtsberg<br \/>\nE-Mail: websensei@judoclub-gornau.de[\\email]<\/p>\n<p><strong>Haftung f\u00fcr Inhalte<\/strong><br \/>\nDie Inhalte unserer Seiten wurden mit gr\u00f6\u00dfter Sorgfalt erstellt. F\u00fcr die Richtigkeit, Vollst\u00e4ndigkeit und Aktualit\u00e4t der Inhalte k\u00f6nnen wir jedoch keine Gew\u00e4hr \u00fcbernehmen.<\/p>\n<p>Als Diensteanbieter sind wir gem\u00e4\u00df \u00a7 7 Abs.1 TMG f\u00fcr eigene Inhalte auf diesen Seiten nach den allgemeinen Gesetzen verantwortlich. Nach \u00a7\u00a7 8 bis 10 TMG sind wir als Diensteanbieter jedoch nicht verpflichtet, \u00fcbermittelte oder gespeicherte fremde Informationen zu \u00fcberwachen oder nach Umst\u00e4nden zu forschen, die auf eine rechtswidrige T\u00e4tigkeit hinweisen. Verpflichtungen zur Entfernung oder Sperrung der Nutzung von Informationen nach den allgemeinen Gesetzen bleiben hiervon unber\u00fchrt. Eine diesbez\u00fcgliche Haftung ist jedoch erst ab dem Zeitpunkt der Kenntnis einer konkreten Rechtsverletzung m\u00f6glich. Bei bekannt werden von entsprechenden Rechtsverletzungen werden wir diese Inhalte umgehend entfernen.<\/p>\n<p><strong>Haftung f\u00fcr Links<\/strong><br \/>\nUnser Angebot enth\u00e4lt Links zu externen Webseiten Dritter, auf deren Inhalte wir keinen Einfluss haben. Deshalb k\u00f6nnen wir f\u00fcr diese fremden Inhalte auch keine Gew\u00e4hr \u00fcbernehmen. F\u00fcr die Inhalte der verlinkten Seiten ist stets der jeweilige Anbieter oder Betreiber der Seiten verantwortlich. Die verlinkten Seiten wurden zum Zeitpunkt der Verlinkung auf m\u00f6gliche Rechtsverst\u00f6\u00dfe \u00fcberpr\u00fcft. Rechtswidrige Inhalte waren zum Zeitpunkt der Verlinkung nicht erkennbar. Eine permanente inhaltliche Kontrolle der verlinkten Seiten ist jedoch ohne konkrete Anhaltspunkte einer Rechtsverletzung nicht zumutbar. Bei bekannt werden von Rechtsverletzungen werden wir derartige Links umgehend entfernen.<\/p>\n<p><strong>Urheberrecht<\/strong><br \/>\nDie durch die Seitenbetreiber erstellten Inhalte und Werke auf diesen Seiten unterliegen dem deutschen Urheberrecht. Beitr\u00e4ge Dritter sind als solche gekennzeichnet. Die Vervielf\u00e4ltigung, Bearbeitung, Verbreitung und jede Art der Verwertung au\u00dferhalb der Grenzen des Urheberrechtes bed\u00fcrfen der schriftlichen Zustimmung des jeweiligen Autors bzw. Erstellers. Downloads und Kopien dieser Seite sind nur f\u00fcr den privaten, nicht kommerziellen Gebrauch gestattet.<\/p>\n<p>Die Betreiber der Seiten sind bem\u00fcht, stets die Urheberrechte anderer zu beachten bzw. auf selbst erstellte sowie lizenzfreie Werke zur\u00fcckzugreifen.<\/p>\n<p>Quelle: eRecht24.de &#8211; Internetrecht von <a href=\"http:\/\/www.e-recht24.de\">Rechtsanwalt<\/a> S\u00f6ren Siebert<\/p>\n","protected":false},"excerpt":{"rendered":"<p>Judo-Club Gornau e.V. Oberer Weg 72b 09439 Amtsberg E-Mail: Internet: www.judoclub-gornau.de Vertretungsberechtigter Vorstand: Uwe Drechsel (Vorsitzender, Anschrift wie oben) Romeo Rauer (1. Stellvertreter) Anja Thriemer (2. Stellvertreter) Registergericht: Vereinsregister Marienberg Registernummer: VR 6060 Inhaltlich Verantwortlicher gem\u00e4\u00df \u00a7 55 Absatz 2 RStV: Uwe Drechsel (Anschrift wie oben) Techn. Ansprechpartner: Uwe Drechsel Oberer Weg 72b 09439 Amtsberg E-Mail: websensei@judoclub-gornau.de[\\email] Haftung f\u00fcr Inhalte [&hellip;]<\/p>\n","protected":false},"author":2,"featured_media":0,"parent":0,"menu_order":8,"comment_status":"closed","ping_status":"closed","template":"","meta":{"ngg_post_thumbnail":0,"footnotes":""},"class_list":["post-10","page","type-page","status-publish","hentry"],"_links":{"self":[{"href":"https:\/\/www.judoclub-gornau.de\/index.php?rest_route=\/wp\/v2\/pages\/10"}],"collection":[{"href":"https:\/\/www.judoclub-gornau.de\/index.php?rest_route=\/wp\/v2\/pages"}],"about":[{"href":"https:\/\/www.judoclub-gornau.de\/index.php?rest_route=\/wp\/v2\/types\/page"}],"author":[{"embeddable":true,"href":"https:\/\/www.judoclub-gornau.de\/index.php?rest_route=\/wp\/v2\/users\/2"}],"replies":[{"embeddable":true,"href":"https:\/\/www.judoclub-gornau.de\/index.php?rest_route=%2Fwp%2Fv2%2Fcomments&post=10"}],"version-history":[{"count":6,"href":"https:\/\/www.judoclub-gornau.de\/index.php?rest_route=\/wp\/v2\/pages\/10\/revisions"}],"predecessor-version":[{"id":9917,"href":"https:\/\/www.judoclub-gornau.de\/index.php?rest_route=\/wp\/v2\/pages\/10\/revisions\/9917"}],"wp:attachment":[{"href":"https:\/\/www.judoclub-gornau.de\/index.php?rest_route=%2Fwp%2Fv2%2Fmedia&parent=10"}],"curies":[{"name":"wp","href":"https:\/\/api.w.org\/{rel}","templated":true}]}}