{"id":18,"date":"2008-07-08T10:55:57","date_gmt":"2008-07-08T08:55:57","guid":{"rendered":"http:\/\/www.judoclub-gornau.de\/?page_id=18"},"modified":"2008-07-08T10:55:57","modified_gmt":"2008-07-08T08:55:57","slug":"in-deutschland","status":"publish","type":"page","link":"https:\/\/www.judoclub-gornau.de\/?page_id=18","title":{"rendered":"in Deutschland"},"content":{"rendered":"<h3><span style=\"color: #000000;\">Judo in Deutschland<\/span><\/h3>\n<p>Jiu-Jitsu und Judo wurden um die Jahrhundertwende in Europa bekannt. Besonders in Deutschland erweckte das Jiu-Jitsu zun\u00e4chst gro\u00dfe Aufmerksamkeit<\/p>\n<p>Einige gesch\u00e4ftst\u00fcchtige Personen lie\u00dfen sich von Japanern im Jiu-Jitsu ausbilden, entwickelten es weiter und nutzten es schlie\u00dflich zu kommerziellen Zwecken aus.<\/p>\n<p>Der bekannteste Vertreter in Deutschland war Erich Rahn. Er k\u00e4mpfte anfangs im Zirkus gegen Boxer und Ringer und gr\u00fcndete 1906 die erste deutsche Jiu-Jitsu Schule.<\/p>\n<p>Das Judo, so wie es seit Jahrzehnten in Japan entwickelt wurde, lernte man in Deutschland erst richtig 1929 kennen, als eine Londoner Judomannschaft, von japanischen Trainern betreut, in einigen deutschen St\u00e4dten k\u00e4mpfte. Eine ganze Reihe von Vereinen \u00fcbernahm diese moderne Kampfsportart, trat aus dem Reichsverband f\u00fcr Jiu-Jitsu aus und schloss sich 1932 zum Deutschen Judoring zusammen.<\/p>\n<p>Trotz heftiger Angriffe einiger Funktion\u00e4re des Reichsverbandes f\u00fcr Jiu-Jitsu setzte sich Judo immer mehr durch. 1932 organisierte Alfred Rhode die erste internationale Judo-Sommerschule in Frankfurt\/Main. Hier lehrten japanische Meister, die die Vorraussetzung schufen, dass der Judosport bis zum Beginn des 2.Weltkrieges in ganz Europa einheitlich gestaltet werden konnte.<\/p>\n<p>Nach dem 2.Weltkrieg versuchten die Alliierten den Judosport zu verbieten bzw. die Aus\u00fcbung zu verhindern. Aber nichts konnte die Enthusiasten bremsen. In beiden deutschen Staaten entwickelte sich, unabh\u00e4ngig voneinander, ein funktionierender Apparat, welcher mit beachtlichen Erfolgen aufwarten konnte.<\/p>\n<p>Europaweit und auch auf internationaler Ebene konnten von beiden deutschen Staaten beachtliche Erfolge eingefahren werden, wobei die Erfolgsbilanz der damaligen DDR dominierte. Mit der Wiedervereinigung verschmolzen auch die beiden Judoverb\u00e4nde zum DJB.<\/p>\n","protected":false},"excerpt":{"rendered":"<p>Judo in Deutschland Jiu-Jitsu und Judo wurden um die Jahrhundertwende in Europa bekannt. Besonders in Deutschland erweckte das Jiu-Jitsu zun\u00e4chst gro\u00dfe Aufmerksamkeit Einige gesch\u00e4ftst\u00fcchtige Personen lie\u00dfen sich von Japanern im Jiu-Jitsu ausbilden, entwickelten es weiter und nutzten es schlie\u00dflich zu kommerziellen Zwecken aus. Der bekannteste Vertreter in Deutschland war Erich Rahn. Er k\u00e4mpfte anfangs im Zirkus gegen Boxer und Ringer [&hellip;]<\/p>\n","protected":false},"author":2,"featured_media":0,"parent":3,"menu_order":2,"comment_status":"closed","ping_status":"closed","template":"","meta":{"ngg_post_thumbnail":0,"footnotes":""},"class_list":["post-18","page","type-page","status-publish","hentry"],"_links":{"self":[{"href":"https:\/\/www.judoclub-gornau.de\/index.php?rest_route=\/wp\/v2\/pages\/18"}],"collection":[{"href":"https:\/\/www.judoclub-gornau.de\/index.php?rest_route=\/wp\/v2\/pages"}],"about":[{"href":"https:\/\/www.judoclub-gornau.de\/index.php?rest_route=\/wp\/v2\/types\/page"}],"author":[{"embeddable":true,"href":"https:\/\/www.judoclub-gornau.de\/index.php?rest_route=\/wp\/v2\/users\/2"}],"replies":[{"embeddable":true,"href":"https:\/\/www.judoclub-gornau.de\/index.php?rest_route=%2Fwp%2Fv2%2Fcomments&post=18"}],"version-history":[{"count":0,"href":"https:\/\/www.judoclub-gornau.de\/index.php?rest_route=\/wp\/v2\/pages\/18\/revisions"}],"up":[{"embeddable":true,"href":"https:\/\/www.judoclub-gornau.de\/index.php?rest_route=\/wp\/v2\/pages\/3"}],"wp:attachment":[{"href":"https:\/\/www.judoclub-gornau.de\/index.php?rest_route=%2Fwp%2Fv2%2Fmedia&parent=18"}],"curies":[{"name":"wp","href":"https:\/\/api.w.org\/{rel}","templated":true}]}}