{"id":5,"date":"2008-04-22T11:56:50","date_gmt":"2008-04-22T09:56:50","guid":{"rendered":"http:\/\/www.judoclub-gornau.de\/?page_id=5"},"modified":"2017-04-03T21:43:31","modified_gmt":"2017-04-03T19:43:31","slug":"geschichte","status":"publish","type":"page","link":"https:\/\/www.judoclub-gornau.de\/?page_id=5","title":{"rendered":"Geschichte"},"content":{"rendered":"<h3><span style=\"color: rgb(0, 0, 0);\">JUDO &#8211; Die Kunst des Nachgebens<\/span><\/h3>\n<p><img loading=\"lazy\" decoding=\"async\" width=\"100\" height=\"188\" title=\"Schriftzeichen Judo\" class=\"float left alignleft\" alt=\"Schriftzeichen Judo\" src=\"http:\/\/www.judoclub-gornau.de\/wp-content\/uploads\/2008\/04\/schriftzeichen1.gif\">An den H\u00f6fen der Feudalherren in Japan arbeiteten ab etwa dem 16. Jahrhundert Meister der Selbstverteidigung, die die Samurai in der Kunst des Nahkampfes unterrichteten. Sie verwendeten dazu Elemente des Jiu-Jitsu, das ca. im 10. Jahrhundert von China nach Japan gekommen sein soll. Mit der b\u00fcrgerlichen Revolution 1868 und der Weiterentwicklung der Feuerwaffen verlor Jiu-Jitsu als Kriegskunst seine Bedeutung.<\/p>\n<p>Unter den st\u00e4ndig wachsenden Einfluss f\u00fchrender europ\u00e4ischer Industriel\u00e4nder und der USA kam es auch in Japan zu einer raschen Entwicklung. Damit verbunden war eine geistige Vervollkommnung der Jugend, die aber wegen ihrer einseitigen Akzentuierung zu einer Vernachl\u00e4ssigung der physischen Entwicklung, vor allem unter Studenten, f\u00fchrte. Der an der Universit\u00e4t von Tokio lehrende deutsche Professor Erich Baelz versuchte mit Einf\u00fchrung des deutschen Turnsports dieser Tendenz entgegenzuwirken. Als dieses Experiment misslang, regte er zum Studium der alten Kampfk\u00fcnste an.<br \/>\nDen bereits 70 j\u00e4hrigen Japaner Totsuka veranlasste er zu einer Schauvorf\u00fchrung im Jiu-Jitsu.<br \/>\nEin Sch\u00fcler von Baelz, der junge <span style=\"font-variant: small-caps;\">Jigoro Kano<\/span>, studierte daraufhin bei mehreren Meistern diese Kunst. Als 23 j\u00e4hriger&nbsp; gr\u00fcndete er im Februar 1882 in einem buddhistischen Tempel der Universit\u00e4t von Tokio eine Trainingsst\u00e4tte f\u00fcr Jiu-Jitsu.<\/p>\n<p>Dieses Datum wird international als der Gr\u00fcndungstermin des weltber\u00fchmten <span style=\"font-variant: small-caps;\">Kodokan<\/span> angesehen.<\/p>\n<p>Durch theoretische und praktische Studien entwickelte Kano dieses System der Selbstverteidigung zu einer modernen Kampfsportart, dem <span style=\"font-variant: small-caps;\">Judo<\/span>.<\/p>\n<p>In der Folgezeit erh\u00f6hte sich die Ausstrahlung des <span style=\"font-variant: small-caps;\">Kodokan<\/span> st\u00e4ndig. <span style=\"font-variant: small-caps;\">Judo<\/span> wurde zum obligatorischen Unterrichtsfach in den Schulen.<\/p>\n<p>Die Wirkung des <span style=\"font-variant: small-caps;\">Kodokan<\/span> blieb aber nicht auf Japan beschr\u00e4nkt. <span style=\"font-variant: small-caps;\">Judo<\/span> entwickelte sich in den meisten L\u00e4ndern der Welt zu einer modernen Kampfsportart. 1950 wurde die Internationale Judo F\u00f6deration (IJF) mit f\u00fcnf Kontinentalunionen gegr\u00fcndet.<\/p>\n<p>Seit 1956 werden Weltmeisterschaften im <span style=\"font-variant: small-caps;\">Judo<\/span> durchgef\u00fchrt und 1964 war es erstmals bei den Olympischen Spielen zu sehen.<\/p>\n","protected":false},"excerpt":{"rendered":"<p>JUDO &#8211; Die Kunst des Nachgebens An den H\u00f6fen der Feudalherren in Japan arbeiteten ab etwa dem 16. Jahrhundert Meister der Selbstverteidigung, die die Samurai in der Kunst des Nahkampfes unterrichteten. Sie verwendeten dazu Elemente des Jiu-Jitsu, das ca. im 10. Jahrhundert von China nach Japan gekommen sein soll. Mit der b\u00fcrgerlichen Revolution 1868 und der Weiterentwicklung der Feuerwaffen verlor [&hellip;]<\/p>\n","protected":false},"author":2,"featured_media":0,"parent":3,"menu_order":1,"comment_status":"closed","ping_status":"closed","template":"","meta":{"ngg_post_thumbnail":0,"footnotes":""},"class_list":["post-5","page","type-page","status-publish","hentry"],"_links":{"self":[{"href":"https:\/\/www.judoclub-gornau.de\/index.php?rest_route=\/wp\/v2\/pages\/5"}],"collection":[{"href":"https:\/\/www.judoclub-gornau.de\/index.php?rest_route=\/wp\/v2\/pages"}],"about":[{"href":"https:\/\/www.judoclub-gornau.de\/index.php?rest_route=\/wp\/v2\/types\/page"}],"author":[{"embeddable":true,"href":"https:\/\/www.judoclub-gornau.de\/index.php?rest_route=\/wp\/v2\/users\/2"}],"replies":[{"embeddable":true,"href":"https:\/\/www.judoclub-gornau.de\/index.php?rest_route=%2Fwp%2Fv2%2Fcomments&post=5"}],"version-history":[{"count":1,"href":"https:\/\/www.judoclub-gornau.de\/index.php?rest_route=\/wp\/v2\/pages\/5\/revisions"}],"predecessor-version":[{"id":5941,"href":"https:\/\/www.judoclub-gornau.de\/index.php?rest_route=\/wp\/v2\/pages\/5\/revisions\/5941"}],"up":[{"embeddable":true,"href":"https:\/\/www.judoclub-gornau.de\/index.php?rest_route=\/wp\/v2\/pages\/3"}],"wp:attachment":[{"href":"https:\/\/www.judoclub-gornau.de\/index.php?rest_route=%2Fwp%2Fv2%2Fmedia&parent=5"}],"curies":[{"name":"wp","href":"https:\/\/api.w.org\/{rel}","templated":true}]}}